{"id":103,"date":"2023-02-08T08:49:08","date_gmt":"2023-02-08T08:49:08","guid":{"rendered":"https:\/\/femmestetica.pl\/?page_id=103"},"modified":"2023-02-08T10:39:04","modified_gmt":"2023-02-08T10:39:04","slug":"toksyna-botulinowa","status":"publish","type":"page","link":"https:\/\/femmestetica.pl\/?page_id=103","title":{"rendered":"Toksyna botulinowa"},"content":{"rendered":"<div class=\"wp-block-image\">\n<figure class=\"aligncenter size-full is-resized\"><img loading=\"lazy\" decoding=\"async\" src=\"https:\/\/femmestetica.pl\/wp-content\/uploads\/2023\/02\/321275654_8379968105411057_317379609758789695_n.jpg\" alt=\"\" class=\"wp-image-117\" width=\"710\" height=\"710\" srcset=\"https:\/\/femmestetica.pl\/wp-content\/uploads\/2023\/02\/321275654_8379968105411057_317379609758789695_n.jpg 526w, https:\/\/femmestetica.pl\/wp-content\/uploads\/2023\/02\/321275654_8379968105411057_317379609758789695_n-300x300.jpg 300w, https:\/\/femmestetica.pl\/wp-content\/uploads\/2023\/02\/321275654_8379968105411057_317379609758789695_n-150x150.jpg 150w, https:\/\/femmestetica.pl\/wp-content\/uploads\/2023\/02\/321275654_8379968105411057_317379609758789695_n-60x60.jpg 60w\" sizes=\"auto, (max-width: 710px) 100vw, 710px\" \/><\/figure>\n<\/div>\n\n\n<p><strong>Terapia botulinowa<\/strong> &#8211; jest jedyn\u0105 metod\u0105 redukcji zmarszczek mimicznych, kt\u00f3ra dzia\u0142a na ich g\u0142\u00f3wn\u0105 przyczyn\u0119 &#8211; mi\u0119\u015bnie mimiczne. Za pomoc\u0105 zastrzyk\u00f3w z botuliny po\u0142\u0105czenia mi\u0119dzy nerwami a mi\u0119\u015bniem zostaj\u0105 chemicznie zablokowane na okre\u015blony czas. Botulina zatrzymuje impuls nerwowy, tak by nie dotar\u0142 on do mi\u0119\u015bnia i nie powodowa\u0142 jego kurczenia. Zabieg najcz\u0119\u015bciej stosowany jest do leczenia zmarszczek r\u00f3\u017cnego typu, takich jak:<\/p>\n\n\n\n<ul class=\"wp-block-list\">\n<li>kurze&nbsp;<strong>\u0142apki<\/strong>,<\/li>\n\n\n\n<li><strong>lwia<\/strong>&nbsp;zmarszczka,<\/li>\n\n\n\n<li>zmarszczki&nbsp;<strong>poprzeczne czo\u0142a<\/strong>,<\/li>\n\n\n\n<li>zmarszczki&nbsp;<strong>palacza<\/strong>,<\/li>\n\n\n\n<li>zmarszczki&nbsp;<strong>kr\u00f3licze<\/strong>,<\/li>\n\n\n\n<li>zmarszczki&nbsp;<strong>pod oczami<\/strong>.<\/li>\n<\/ul>\n\n\n\n<p>Terapia ma r\u00f3wnie\u017c zbawienny wp\u0142yw na pozbycie si\u0119 przewlek\u0142ych dokuczliwych&nbsp;<strong>migren<\/strong>. Dzieje si\u0119 tak, ze wzgl\u0119du na zmniejszenie nadmiernego napi\u0119cia mi\u0119\u015bniowego. <strong>Terapia toksyn\u0105 botulinow\u0105<\/strong> dzia\u0142a r\u00f3wnie\u017c skutecznie w przypadku&nbsp;<strong>szcz\u0119ko\u015bcisku<\/strong>&nbsp;zwi\u0105zanego z nadmiern\u0105 prac\u0105 mi\u0119\u015bni \u017cwaczy.&nbsp; <strong>Terapia toksyn\u0105 botulinow\u0105<\/strong>&nbsp;pozwala ograniczy\u0107 prac\u0119 gruczo\u0142\u00f3w potowych, dlatego idealnie sprawdza si\u0119 w walce z&nbsp;<strong>problemem nadpotliwo\u015bci<\/strong>&nbsp;w obr\u0119bie pach, d\u0142oni i st\u00f3p.<\/p>\n\n\n\n<p>Zmarszczki to efekt up\u0142ywu czasu oraz skutek dzia\u0142ania wielu czynnik\u00f3w, zale\u017cnych od naszego trybu \u017cycia. S\u0105 to wg\u0142\u0119bienia powsta\u0142e w sk\u00f3rze z powodu zmian zachodz\u0105cych w jej &#8222;rusztowaniu&#8221;, utworzonym przez w\u0142\u00f3kna kolagenowe i elastylowe. Zmarszczki dzielimy na dynamiczne i statyczne. Dynamiczne to zmarszczki mimiczne, za\u015b statyczne to te, kt\u00f3re pog\u0142\u0119biaj\u0105 si\u0119 z czasem i s\u0105 widoczne na twarzy, bez wzgl\u0119du na mimik\u0119. Ich przyczyn\u0105 jest naturalny proces starzenia si\u0119 sk\u00f3ry, zanik w\u0142\u00f3kien kolagenowych, ale r\u00f3wnie\u017c czynniki genetyczne i zwi\u0105zanie z trybem \u017cycia.<\/p>\n","protected":false},"excerpt":{"rendered":"<p>Terapia botulinowa &#8211; jest jedyn\u0105 metod\u0105 redukcji zmarszczek mimicznych, kt\u00f3ra dzia\u0142a na ich g\u0142\u00f3wn\u0105 przyczyn\u0119 &#8211; mi\u0119\u015bnie mimiczne. Za pomoc\u0105 zastrzyk\u00f3w z botuliny po\u0142\u0105czenia mi\u0119dzy nerwami a mi\u0119\u015bniem zostaj\u0105 chemicznie zablokowane na okre\u015blony czas. Botulina zatrzymuje impuls nerwowy, tak by nie dotar\u0142 on do mi\u0119\u015bnia i nie powodowa\u0142 jego kurczenia. [&hellip;]<\/p>\n","protected":false},"author":1,"featured_media":0,"parent":0,"menu_order":0,"comment_status":"closed","ping_status":"closed","template":"","meta":{"footnotes":""},"class_list":["post-103","page","type-page","status-publish","hentry"],"_links":{"self":[{"href":"https:\/\/femmestetica.pl\/index.php?rest_route=\/wp\/v2\/pages\/103","targetHints":{"allow":["GET"]}}],"collection":[{"href":"https:\/\/femmestetica.pl\/index.php?rest_route=\/wp\/v2\/pages"}],"about":[{"href":"https:\/\/femmestetica.pl\/index.php?rest_route=\/wp\/v2\/types\/page"}],"author":[{"embeddable":true,"href":"https:\/\/femmestetica.pl\/index.php?rest_route=\/wp\/v2\/users\/1"}],"replies":[{"embeddable":true,"href":"https:\/\/femmestetica.pl\/index.php?rest_route=%2Fwp%2Fv2%2Fcomments&post=103"}],"version-history":[{"count":4,"href":"https:\/\/femmestetica.pl\/index.php?rest_route=\/wp\/v2\/pages\/103\/revisions"}],"predecessor-version":[{"id":169,"href":"https:\/\/femmestetica.pl\/index.php?rest_route=\/wp\/v2\/pages\/103\/revisions\/169"}],"wp:attachment":[{"href":"https:\/\/femmestetica.pl\/index.php?rest_route=%2Fwp%2Fv2%2Fmedia&parent=103"}],"curies":[{"name":"wp","href":"https:\/\/api.w.org\/{rel}","templated":true}]}}