{"id":104,"date":"2023-02-08T08:49:08","date_gmt":"2023-02-08T08:49:08","guid":{"rendered":"https:\/\/femmestetica.pl\/?page_id=104"},"modified":"2023-02-08T10:39:09","modified_gmt":"2023-02-08T10:39:09","slug":"mezoterapia","status":"publish","type":"page","link":"https:\/\/femmestetica.pl\/?page_id=104","title":{"rendered":"Mezoterapia"},"content":{"rendered":"<div class=\"wp-block-image\">\n<figure class=\"aligncenter size-large\"><img loading=\"lazy\" decoding=\"async\" width=\"1024\" height=\"1024\" src=\"https:\/\/femmestetica.pl\/wp-content\/uploads\/2023\/02\/323920141_715720976592393_6428128521217876129_n-1024x1024.jpg\" alt=\"\" class=\"wp-image-166\" srcset=\"https:\/\/femmestetica.pl\/wp-content\/uploads\/2023\/02\/323920141_715720976592393_6428128521217876129_n-1024x1024.jpg 1024w, https:\/\/femmestetica.pl\/wp-content\/uploads\/2023\/02\/323920141_715720976592393_6428128521217876129_n-300x300.jpg 300w, https:\/\/femmestetica.pl\/wp-content\/uploads\/2023\/02\/323920141_715720976592393_6428128521217876129_n-150x150.jpg 150w, https:\/\/femmestetica.pl\/wp-content\/uploads\/2023\/02\/323920141_715720976592393_6428128521217876129_n-768x768.jpg 768w, https:\/\/femmestetica.pl\/wp-content\/uploads\/2023\/02\/323920141_715720976592393_6428128521217876129_n-500x500.jpg 500w, https:\/\/femmestetica.pl\/wp-content\/uploads\/2023\/02\/323920141_715720976592393_6428128521217876129_n-350x350.jpg 350w, https:\/\/femmestetica.pl\/wp-content\/uploads\/2023\/02\/323920141_715720976592393_6428128521217876129_n-250x250.jpg 250w, https:\/\/femmestetica.pl\/wp-content\/uploads\/2023\/02\/323920141_715720976592393_6428128521217876129_n.jpg 1080w\" sizes=\"auto, (max-width: 1024px) 100vw, 1024px\" \/><\/figure>\n<\/div>\n\n\n<p>Jest to metoda wykorzystywana od lat w medycynie. Polega na bardzo precyzyjnym podawaniu niewielkich dawek odpowiedniej substancji bezpo\u015brednio w miejsca zmienione chorobowo. Pozwala na uzyskiwanie szybkich i doskona\u0142ych efekt\u00f3w poprzez zastosowanie bardzo niskich st\u0119\u017ce\u0144 i dawek podawanych substancji \u2013 podawane s\u0105 one bowiem dok\u0142adnie w odpowiednie miejsca, gdzie maj\u0105 oddzia\u0142ywa\u0107. Jest ona doskona\u0142ym sposobem zapobiegaj\u0105cym starzeniu si\u0119 sk\u00f3ry, wypadaniu w\u0142os\u00f3w i powstawaniu cellulitu\u00a0dzi\u0119ki dostarczaniu substancji od\u017cywczych za pomoc\u0105 zastrzyk\u00f3w \u015br\u00f3dsk\u00f3rnych w odpowiednie miejsca takie jak twarz, szyja, dekolt, sk\u00f3ra ow\u0142osiona g\u0142owy, po\u015bladki, uda i brzuch.<\/p>\n\n\n\n<p>Up\u0142ywaj\u0105cy czas nieub\u0142agalnie odbija si\u0119 na naszej twarzy. Na szcz\u0119\u015bcie, najnowocze\u015bniejsze zabiegi s\u0105 w stanie ten proces zatrzyma\u0107 i odm\u0142odzi\u0107 nasz wygl\u0105d. Zabiegi przeciwstarzeniowe z wykorzystanie najskuteczniejszych preparat\u00f3w pozwala nie tylko na spowolnienie, ale i odwracanie procesu starzenia si\u0119 sk\u00f3ry. Wskazania do mezoterapii:<\/p>\n\n\n\n<ul class=\"wp-block-list\">\n<li>leczenie zwiotczenia sk\u00f3ry<\/li>\n\n\n\n<li>leczenie cellulitu, rozst\u0119p\u00f3w<\/li>\n\n\n\n<li>zapobieganie wypadaniu w\u0142os\u00f3w<\/li>\n\n\n\n<li>leczenie obrz\u0119k\u00f3w i zasinienia w okolicy oczu<\/li>\n\n\n\n<li>profilaktyka przeciwzmarszczkowa<\/li>\n<\/ul>\n","protected":false},"excerpt":{"rendered":"<p>Jest to metoda wykorzystywana od lat w medycynie. Polega na bardzo precyzyjnym podawaniu niewielkich dawek odpowiedniej substancji bezpo\u015brednio w miejsca zmienione chorobowo. Pozwala na uzyskiwanie szybkich i doskona\u0142ych efekt\u00f3w poprzez zastosowanie bardzo niskich st\u0119\u017ce\u0144 i dawek podawanych substancji \u2013 podawane s\u0105 one bowiem dok\u0142adnie w odpowiednie miejsca, gdzie maj\u0105 oddzia\u0142ywa\u0107. [&hellip;]<\/p>\n","protected":false},"author":1,"featured_media":0,"parent":0,"menu_order":0,"comment_status":"closed","ping_status":"closed","template":"","meta":{"footnotes":""},"class_list":["post-104","page","type-page","status-publish","hentry"],"_links":{"self":[{"href":"https:\/\/femmestetica.pl\/index.php?rest_route=\/wp\/v2\/pages\/104","targetHints":{"allow":["GET"]}}],"collection":[{"href":"https:\/\/femmestetica.pl\/index.php?rest_route=\/wp\/v2\/pages"}],"about":[{"href":"https:\/\/femmestetica.pl\/index.php?rest_route=\/wp\/v2\/types\/page"}],"author":[{"embeddable":true,"href":"https:\/\/femmestetica.pl\/index.php?rest_route=\/wp\/v2\/users\/1"}],"replies":[{"embeddable":true,"href":"https:\/\/femmestetica.pl\/index.php?rest_route=%2Fwp%2Fv2%2Fcomments&post=104"}],"version-history":[{"count":2,"href":"https:\/\/femmestetica.pl\/index.php?rest_route=\/wp\/v2\/pages\/104\/revisions"}],"predecessor-version":[{"id":167,"href":"https:\/\/femmestetica.pl\/index.php?rest_route=\/wp\/v2\/pages\/104\/revisions\/167"}],"wp:attachment":[{"href":"https:\/\/femmestetica.pl\/index.php?rest_route=%2Fwp%2Fv2%2Fmedia&parent=104"}],"curies":[{"name":"wp","href":"https:\/\/api.w.org\/{rel}","templated":true}]}}