{"id":106,"date":"2023-02-08T08:49:08","date_gmt":"2023-02-08T08:49:08","guid":{"rendered":"https:\/\/femmestetica.pl\/?page_id=106"},"modified":"2023-02-08T10:41:29","modified_gmt":"2023-02-08T10:41:29","slug":"wypelniacze","status":"publish","type":"page","link":"https:\/\/femmestetica.pl\/?page_id=106","title":{"rendered":"Wype\u0142niacze"},"content":{"rendered":"\n<div class=\"wp-block-columns is-layout-flex wp-container-core-columns-is-layout-9d6595d7 wp-block-columns-is-layout-flex\">\n<div class=\"wp-block-column is-layout-flow wp-block-column-is-layout-flow\" style=\"flex-basis:100%\"><div class=\"wp-block-image is-style-default\">\n<figure class=\"aligncenter size-full\"><img loading=\"lazy\" decoding=\"async\" width=\"526\" height=\"526\" src=\"https:\/\/femmestetica.pl\/wp-content\/uploads\/2023\/02\/319798933_1190230061899941_3650186487215746831_n.jpg\" alt=\"\" class=\"wp-image-120\" srcset=\"https:\/\/femmestetica.pl\/wp-content\/uploads\/2023\/02\/319798933_1190230061899941_3650186487215746831_n.jpg 526w, https:\/\/femmestetica.pl\/wp-content\/uploads\/2023\/02\/319798933_1190230061899941_3650186487215746831_n-300x300.jpg 300w, https:\/\/femmestetica.pl\/wp-content\/uploads\/2023\/02\/319798933_1190230061899941_3650186487215746831_n-150x150.jpg 150w, https:\/\/femmestetica.pl\/wp-content\/uploads\/2023\/02\/319798933_1190230061899941_3650186487215746831_n-60x60.jpg 60w\" sizes=\"auto, (max-width: 526px) 100vw, 526px\" \/><\/figure>\n<\/div><\/div>\n<\/div>\n\n\n\n<p>Wype\u0142nianie wykonywane jest za pomoc\u0105 cieniutkich igie\u0142ek i najcz\u0119\u015bciej stosowane jest w celu usuni\u0119cia fa\u0142d\u00f3w nosowo-wargowych, zmarszczek wok\u00f3\u0142 ust, bruzd mi\u0119dzy brwiami. Zabiegi wype\u0142niania wykorzystuj\u0105ce kwas hialuronowy nie wywo\u0142uj\u0105 skutk\u00f3w ubocznych (kwas hialuronowy jest identyczny z naturalnym zwi\u0105zkiem wyst\u0119puj\u0105cym w sk\u00f3rze). Efekty utrzymuj\u0105 si\u0119 od 8 miesi\u0119cy do 2 lat i mog\u0105 by\u0107 wielokrotnie powtarzane.<\/p>\n\n\n\n<p>Wype\u0142niacze tkankowe to substancje powsta\u0142e na bazie kwasu hialuronowego, kt\u00f3re jak sama nazwa wskazuje s\u0142u\u017c\u0105 do wype\u0142niania ubytk\u00f3w w tkankach, a tym samym odm\u0142adzania wygl\u0105du twarzy. Sta\u0142y si\u0119 doskona\u0142\u0105 alternatyw\u0105 dla operacji plastycznych oraz innych, bardziej inwazyjnych zabieg\u00f3w. Zastosowanie wype\u0142niaczy:<\/p>\n\n\n\n<ul class=\"wp-block-list\">\n<li>wype\u0142nianie zmarszczek,<\/li>\n\n\n\n<li>poprawa owalu twarzy,<\/li>\n\n\n\n<li>modelowanie ust,<\/li>\n\n\n\n<li>modelowanie policzk\u00f3w,<\/li>\n\n\n\n<li>korekta asymetrii twarzy,<\/li>\n\n\n\n<li>odm\u0142adzania sk\u00f3ry d\u0142oni,<\/li>\n\n\n\n<li>nawil\u017cenie i odnowa sk\u00f3ry.<\/li>\n<\/ul>\n\n\n\n<p>Rezultaty zabieg\u00f3w w zale\u017cno\u015bci od zastosowanej technologii produkcji HA s\u0105 d\u0142ugotrwale, lecz nie permanentne, daj\u0105c tym samym wolno\u015b\u0107 wyboru utrzymania lub zmiany osi\u0105gni\u0119tego efektu. Rezultaty zabiegu utrzymuj\u0105 si\u0119 przez 8-14 miesi\u0119cy. W celu podtrzymania efektu uzyskanego w okolicy ust, wskazane jest powt\u00f3rzenie zabiegu po up\u0142ywie 6 miesi\u0119cy.<\/p>\n","protected":false},"excerpt":{"rendered":"<p>Wype\u0142nianie wykonywane jest za pomoc\u0105 cieniutkich igie\u0142ek i najcz\u0119\u015bciej stosowane jest w celu usuni\u0119cia fa\u0142d\u00f3w nosowo-wargowych, zmarszczek wok\u00f3\u0142 ust, bruzd mi\u0119dzy brwiami. Zabiegi wype\u0142niania wykorzystuj\u0105ce kwas hialuronowy nie wywo\u0142uj\u0105 skutk\u00f3w ubocznych (kwas hialuronowy jest identyczny z naturalnym zwi\u0105zkiem wyst\u0119puj\u0105cym w sk\u00f3rze). Efekty utrzymuj\u0105 si\u0119 od 8 miesi\u0119cy do 2 lat [&hellip;]<\/p>\n","protected":false},"author":1,"featured_media":0,"parent":0,"menu_order":0,"comment_status":"closed","ping_status":"closed","template":"","meta":{"footnotes":""},"class_list":["post-106","page","type-page","status-publish","hentry"],"_links":{"self":[{"href":"https:\/\/femmestetica.pl\/index.php?rest_route=\/wp\/v2\/pages\/106","targetHints":{"allow":["GET"]}}],"collection":[{"href":"https:\/\/femmestetica.pl\/index.php?rest_route=\/wp\/v2\/pages"}],"about":[{"href":"https:\/\/femmestetica.pl\/index.php?rest_route=\/wp\/v2\/types\/page"}],"author":[{"embeddable":true,"href":"https:\/\/femmestetica.pl\/index.php?rest_route=\/wp\/v2\/users\/1"}],"replies":[{"embeddable":true,"href":"https:\/\/femmestetica.pl\/index.php?rest_route=%2Fwp%2Fv2%2Fcomments&post=106"}],"version-history":[{"count":5,"href":"https:\/\/femmestetica.pl\/index.php?rest_route=\/wp\/v2\/pages\/106\/revisions"}],"predecessor-version":[{"id":174,"href":"https:\/\/femmestetica.pl\/index.php?rest_route=\/wp\/v2\/pages\/106\/revisions\/174"}],"wp:attachment":[{"href":"https:\/\/femmestetica.pl\/index.php?rest_route=%2Fwp%2Fv2%2Fmedia&parent=106"}],"curies":[{"name":"wp","href":"https:\/\/api.w.org\/{rel}","templated":true}]}}