{"id":107,"date":"2023-02-08T08:49:08","date_gmt":"2023-02-08T08:49:08","guid":{"rendered":"https:\/\/femmestetica.pl\/?page_id=107"},"modified":"2023-02-08T09:08:53","modified_gmt":"2023-02-08T09:08:53","slug":"usta","status":"publish","type":"page","link":"https:\/\/femmestetica.pl\/?page_id=107","title":{"rendered":"Usta"},"content":{"rendered":"<div class=\"wp-block-image\">\n<figure class=\"aligncenter size-full\"><img loading=\"lazy\" decoding=\"async\" width=\"526\" height=\"526\" src=\"https:\/\/femmestetica.pl\/wp-content\/uploads\/2023\/02\/318330927_697383685284940_5885809901041398021_n.jpg\" alt=\"\" class=\"wp-image-119\" srcset=\"https:\/\/femmestetica.pl\/wp-content\/uploads\/2023\/02\/318330927_697383685284940_5885809901041398021_n.jpg 526w, https:\/\/femmestetica.pl\/wp-content\/uploads\/2023\/02\/318330927_697383685284940_5885809901041398021_n-300x300.jpg 300w, https:\/\/femmestetica.pl\/wp-content\/uploads\/2023\/02\/318330927_697383685284940_5885809901041398021_n-150x150.jpg 150w, https:\/\/femmestetica.pl\/wp-content\/uploads\/2023\/02\/318330927_697383685284940_5885809901041398021_n-60x60.jpg 60w\" sizes=\"auto, (max-width: 526px) 100vw, 526px\" \/><\/figure>\n<\/div>\n\n\n<p><strong>Rewitalizacja ust<\/strong> \u2014 sprawdzi si\u0119 idealnie w przypadku os\u00f3b, kt\u00f3re chc\u0105 d\u0142ugotrwale od\u015bwie\u017cy\u0107 i nawil\u017cy\u0107 oraz delikatnie wymodelowa\u0107 usta, bez ich powi\u0119kszania.<\/p>\n\n\n\n<p>Zabieg polega na podaniu niewielkiej ilo\u015bci specjalnie w tym celu opracowanego kwasu hialuronowego w doln\u0105 i g\u00f3rn\u0105 warg\u0119. Dzi\u0119ki zabiegowi usta sprawi\u0105 wra\u017cenie du\u017co m\u0142odszych i bardziej \u015bwie\u017cych.<\/p>\n\n\n\n<p><strong>Wolumetria ust<\/strong> \u2014 odpowiednio dopasowany preparat podaje si\u0119 za pomoc\u0105 wstrzykni\u0119\u0107 do czerwieni wargowej, powoduj\u0105c zwi\u0119kszenie obj\u0119to\u015bci, popraw\u0119 koloru, g\u0142\u0119bokie nawil\u017cenie, zmian\u0119 kszta\u0142tu ust.<\/p>\n\n\n<div class=\"wp-block-image\">\n<figure class=\"aligncenter size-full\"><img loading=\"lazy\" decoding=\"async\" width=\"526\" height=\"526\" src=\"https:\/\/femmestetica.pl\/wp-content\/uploads\/2023\/02\/323941343_884282939685788_1905153485835422692_n.jpg\" alt=\"\" class=\"wp-image-121\" srcset=\"https:\/\/femmestetica.pl\/wp-content\/uploads\/2023\/02\/323941343_884282939685788_1905153485835422692_n.jpg 526w, https:\/\/femmestetica.pl\/wp-content\/uploads\/2023\/02\/323941343_884282939685788_1905153485835422692_n-300x300.jpg 300w, https:\/\/femmestetica.pl\/wp-content\/uploads\/2023\/02\/323941343_884282939685788_1905153485835422692_n-150x150.jpg 150w, https:\/\/femmestetica.pl\/wp-content\/uploads\/2023\/02\/323941343_884282939685788_1905153485835422692_n-60x60.jpg 60w\" sizes=\"auto, (max-width: 526px) 100vw, 526px\" \/><\/figure>\n<\/div>\n\n\n<p>Czy znacie ten zabieg?<\/p>\n\n\n\n<p><strong>\u201eHappy face&#8221;<\/strong> polega na usuni\u0119ciu zrost\u00f3w i mostk\u00f3w poprzecznych pomi\u0119dzy sk\u00f3r\u0105 i tkank\u0105 podsk\u00f3rn\u0105 na ca\u0142ym obszarze wok\u00f3\u0142 ust, w celu wytworzenia jednorodnej p\u0142aszczyzny do podania wype\u0142niacza przy u\u017cyciu kaniuli.<\/p>\n\n\n\n<p>W efekcie uzyskujemy sp\u0142ycenie zmarszczek palacza, kodu kreskowego, uniesienie k\u0105cik\u00f3w ust, redukcj\u0119 linii marionetki, uniesienie chomik\u00f3w i uzupe\u0142nienie ubytk\u00f3w obj\u0119to\u015bciowych w tej okolicy. Jednocze\u015bnie, dzi\u0119ki wykorzystaniu mi\u0119kkiego preparatu o du\u017cej mi\u0119kko\u015bci i elastyczno\u015bci efekt ostateczny jest naturalny &#8211; uzyskujemy po prostu \u201eHappy face\u201d. Je\u017celi borykasz si\u0119 ze zmarszczkami palacza, liniami marionetki albo chomikami lub chcesz po prostu unie\u015b\u0107 k\u0105ciki ust &#8211; ten zabieg jest dla Ciebie.<\/p>\n","protected":false},"excerpt":{"rendered":"<p>Rewitalizacja ust \u2014 sprawdzi si\u0119 idealnie w przypadku os\u00f3b, kt\u00f3re chc\u0105 d\u0142ugotrwale od\u015bwie\u017cy\u0107 i nawil\u017cy\u0107 oraz delikatnie wymodelowa\u0107 usta, bez ich powi\u0119kszania. Zabieg polega na podaniu niewielkiej ilo\u015bci specjalnie w tym celu opracowanego kwasu hialuronowego w doln\u0105 i g\u00f3rn\u0105 warg\u0119. Dzi\u0119ki zabiegowi usta sprawi\u0105 wra\u017cenie du\u017co m\u0142odszych i bardziej \u015bwie\u017cych. [&hellip;]<\/p>\n","protected":false},"author":1,"featured_media":0,"parent":0,"menu_order":0,"comment_status":"closed","ping_status":"closed","template":"","meta":{"footnotes":""},"class_list":["post-107","page","type-page","status-publish","hentry"],"_links":{"self":[{"href":"https:\/\/femmestetica.pl\/index.php?rest_route=\/wp\/v2\/pages\/107","targetHints":{"allow":["GET"]}}],"collection":[{"href":"https:\/\/femmestetica.pl\/index.php?rest_route=\/wp\/v2\/pages"}],"about":[{"href":"https:\/\/femmestetica.pl\/index.php?rest_route=\/wp\/v2\/types\/page"}],"author":[{"embeddable":true,"href":"https:\/\/femmestetica.pl\/index.php?rest_route=\/wp\/v2\/users\/1"}],"replies":[{"embeddable":true,"href":"https:\/\/femmestetica.pl\/index.php?rest_route=%2Fwp%2Fv2%2Fcomments&post=107"}],"version-history":[{"count":5,"href":"https:\/\/femmestetica.pl\/index.php?rest_route=\/wp\/v2\/pages\/107\/revisions"}],"predecessor-version":[{"id":133,"href":"https:\/\/femmestetica.pl\/index.php?rest_route=\/wp\/v2\/pages\/107\/revisions\/133"}],"wp:attachment":[{"href":"https:\/\/femmestetica.pl\/index.php?rest_route=%2Fwp%2Fv2%2Fmedia&parent=107"}],"curies":[{"name":"wp","href":"https:\/\/api.w.org\/{rel}","templated":true}]}}