{"id":183,"date":"2023-02-08T13:51:06","date_gmt":"2023-02-08T13:51:06","guid":{"rendered":"https:\/\/femmestetica.pl\/?page_id=183"},"modified":"2023-02-08T13:56:28","modified_gmt":"2023-02-08T13:56:28","slug":"stymulatory-tkankowe","status":"publish","type":"page","link":"https:\/\/femmestetica.pl\/?page_id=183","title":{"rendered":"Stymulatory Tkankowe"},"content":{"rendered":"<div class=\"wp-block-image\">\n<figure class=\"aligncenter size-large\"><img loading=\"lazy\" decoding=\"async\" width=\"1024\" height=\"1024\" src=\"https:\/\/femmestetica.pl\/wp-content\/uploads\/2023\/02\/329736197_1229646674302912_3087182997315114823_n-1024x1024.jpg\" alt=\"\" class=\"wp-image-188\" srcset=\"https:\/\/femmestetica.pl\/wp-content\/uploads\/2023\/02\/329736197_1229646674302912_3087182997315114823_n-1024x1024.jpg 1024w, https:\/\/femmestetica.pl\/wp-content\/uploads\/2023\/02\/329736197_1229646674302912_3087182997315114823_n-300x300.jpg 300w, https:\/\/femmestetica.pl\/wp-content\/uploads\/2023\/02\/329736197_1229646674302912_3087182997315114823_n-150x150.jpg 150w, https:\/\/femmestetica.pl\/wp-content\/uploads\/2023\/02\/329736197_1229646674302912_3087182997315114823_n-768x768.jpg 768w, https:\/\/femmestetica.pl\/wp-content\/uploads\/2023\/02\/329736197_1229646674302912_3087182997315114823_n-500x500.jpg 500w, https:\/\/femmestetica.pl\/wp-content\/uploads\/2023\/02\/329736197_1229646674302912_3087182997315114823_n-350x350.jpg 350w, https:\/\/femmestetica.pl\/wp-content\/uploads\/2023\/02\/329736197_1229646674302912_3087182997315114823_n-250x250.jpg 250w, https:\/\/femmestetica.pl\/wp-content\/uploads\/2023\/02\/329736197_1229646674302912_3087182997315114823_n.jpg 1080w\" sizes=\"auto, (max-width: 1024px) 100vw, 1024px\" \/><\/figure>\n<\/div>\n\n\n<p>Terapia stymulatorami tkankowymi to idealne rozwi\u0105zanie anti-aging dla os\u00f3b z cienk\u0105 i poszarza\u0142\u0105 sk\u00f3r\u0105, zmarszczkami oraz cieniami pod oczami.<\/p>\n\n\n\n<p>Stymulatory tkankowe to nowoczesne preparaty wykorzystywane w medycynie przeciwstarzeniowej do odbudowy struktury sk\u00f3ry. Dzi\u0119ki zastosowaniu nowoczesnych technologii s\u0105 one w stanie pobudzi\u0107 naturalne procesy regeneracji w sk\u00f3rze, daj\u0105c natychmiastowy naturalny efekt w postaci j\u0119drniejszej, g\u0142adszej i bardziej promiennej sk\u00f3ry. <\/p>\n\n\n\n<p>Ka\u017cdy produkt biostymuluj\u0105cy jest odmienny i r\u00f3\u017cni si\u0119 rodzajem sk\u0142adnik\u00f3w aktywnych, technikami iniekcji, mechanizmem dzia\u0142ania oraz d\u0142ugo\u015bci\u0105 utrzymywania si\u0119 efekt\u00f3w.<\/p>\n\n\n\n<p>Wa\u017cne jest wi\u0119c, aby dok\u0142adnie zbada\u0107 potrzeby sk\u00f3ry i wybra\u0107 odpowiedni produkt, kt\u00f3ry pozwoli uzyska\u0107 najlepsze efekty. Najcz\u0119\u015bciej proces starzenia si\u0119 twarzy wida\u0107 w okolicy policzkowej i lini \u017cuchwy, gdzie dochodzi do utraty wyra\u017anych kontur\u00f3w i obj\u0119to\u015bci sk\u00f3ry. Z pomoc\u0105 stymulator\u00f3w tkankowych mo\u017cemy odwr\u00f3ci\u0107 ten proces, tym samym poprawiaj\u0105c wygl\u0105d Twojej sk\u00f3ry.<\/p>\n","protected":false},"excerpt":{"rendered":"<p>Terapia stymulatorami tkankowymi to idealne rozwi\u0105zanie anti-aging dla os\u00f3b z cienk\u0105 i poszarza\u0142\u0105 sk\u00f3r\u0105, zmarszczkami oraz cieniami pod oczami. Stymulatory tkankowe to nowoczesne preparaty wykorzystywane w medycynie przeciwstarzeniowej do odbudowy struktury sk\u00f3ry. Dzi\u0119ki zastosowaniu nowoczesnych technologii s\u0105 one w stanie pobudzi\u0107 naturalne procesy regeneracji w sk\u00f3rze, daj\u0105c natychmiastowy naturalny efekt [&hellip;]<\/p>\n","protected":false},"author":1,"featured_media":0,"parent":0,"menu_order":0,"comment_status":"closed","ping_status":"closed","template":"","meta":{"footnotes":""},"class_list":["post-183","page","type-page","status-publish","hentry"],"_links":{"self":[{"href":"https:\/\/femmestetica.pl\/index.php?rest_route=\/wp\/v2\/pages\/183","targetHints":{"allow":["GET"]}}],"collection":[{"href":"https:\/\/femmestetica.pl\/index.php?rest_route=\/wp\/v2\/pages"}],"about":[{"href":"https:\/\/femmestetica.pl\/index.php?rest_route=\/wp\/v2\/types\/page"}],"author":[{"embeddable":true,"href":"https:\/\/femmestetica.pl\/index.php?rest_route=\/wp\/v2\/users\/1"}],"replies":[{"embeddable":true,"href":"https:\/\/femmestetica.pl\/index.php?rest_route=%2Fwp%2Fv2%2Fcomments&post=183"}],"version-history":[{"count":3,"href":"https:\/\/femmestetica.pl\/index.php?rest_route=\/wp\/v2\/pages\/183\/revisions"}],"predecessor-version":[{"id":190,"href":"https:\/\/femmestetica.pl\/index.php?rest_route=\/wp\/v2\/pages\/183\/revisions\/190"}],"wp:attachment":[{"href":"https:\/\/femmestetica.pl\/index.php?rest_route=%2Fwp%2Fv2%2Fmedia&parent=183"}],"curies":[{"name":"wp","href":"https:\/\/api.w.org\/{rel}","templated":true}]}}