{"id":61,"date":"2023-02-08T08:05:12","date_gmt":"2023-02-08T08:05:12","guid":{"rendered":"https:\/\/femmestetica.pl\/?page_id=61"},"modified":"2023-02-08T14:06:13","modified_gmt":"2023-02-08T14:06:13","slug":"zabiegi","status":"publish","type":"page","link":"https:\/\/femmestetica.pl\/?page_id=61","title":{"rendered":"Zabiegi"},"content":{"rendered":"\n<figure class=\"wp-block-gallery has-nested-images columns-default is-cropped wp-block-gallery-1 is-layout-flex wp-block-gallery-is-layout-flex\">\n<figure class=\"wp-block-image size-full\"><img loading=\"lazy\" decoding=\"async\" width=\"526\" height=\"526\" data-id=\"117\" src=\"https:\/\/femmestetica.pl\/wp-content\/uploads\/2023\/02\/321275654_8379968105411057_317379609758789695_n.jpg\" alt=\"\" class=\"wp-image-117\" srcset=\"https:\/\/femmestetica.pl\/wp-content\/uploads\/2023\/02\/321275654_8379968105411057_317379609758789695_n.jpg 526w, https:\/\/femmestetica.pl\/wp-content\/uploads\/2023\/02\/321275654_8379968105411057_317379609758789695_n-300x300.jpg 300w, https:\/\/femmestetica.pl\/wp-content\/uploads\/2023\/02\/321275654_8379968105411057_317379609758789695_n-150x150.jpg 150w, https:\/\/femmestetica.pl\/wp-content\/uploads\/2023\/02\/321275654_8379968105411057_317379609758789695_n-60x60.jpg 60w\" sizes=\"auto, (max-width: 526px) 100vw, 526px\" \/><\/figure>\n\n\n\n<figure class=\"wp-block-image size-full\"><img loading=\"lazy\" decoding=\"async\" width=\"526\" height=\"526\" data-id=\"120\" src=\"https:\/\/femmestetica.pl\/wp-content\/uploads\/2023\/02\/319798933_1190230061899941_3650186487215746831_n.jpg\" alt=\"\" class=\"wp-image-120\" srcset=\"https:\/\/femmestetica.pl\/wp-content\/uploads\/2023\/02\/319798933_1190230061899941_3650186487215746831_n.jpg 526w, https:\/\/femmestetica.pl\/wp-content\/uploads\/2023\/02\/319798933_1190230061899941_3650186487215746831_n-300x300.jpg 300w, https:\/\/femmestetica.pl\/wp-content\/uploads\/2023\/02\/319798933_1190230061899941_3650186487215746831_n-150x150.jpg 150w, https:\/\/femmestetica.pl\/wp-content\/uploads\/2023\/02\/319798933_1190230061899941_3650186487215746831_n-60x60.jpg 60w\" sizes=\"auto, (max-width: 526px) 100vw, 526px\" \/><\/figure>\n\n\n\n<figure class=\"wp-block-image size-full\"><img loading=\"lazy\" decoding=\"async\" width=\"526\" height=\"526\" data-id=\"119\" src=\"https:\/\/femmestetica.pl\/wp-content\/uploads\/2023\/02\/318330927_697383685284940_5885809901041398021_n.jpg\" alt=\"\" class=\"wp-image-119\" srcset=\"https:\/\/femmestetica.pl\/wp-content\/uploads\/2023\/02\/318330927_697383685284940_5885809901041398021_n.jpg 526w, https:\/\/femmestetica.pl\/wp-content\/uploads\/2023\/02\/318330927_697383685284940_5885809901041398021_n-300x300.jpg 300w, https:\/\/femmestetica.pl\/wp-content\/uploads\/2023\/02\/318330927_697383685284940_5885809901041398021_n-150x150.jpg 150w, https:\/\/femmestetica.pl\/wp-content\/uploads\/2023\/02\/318330927_697383685284940_5885809901041398021_n-60x60.jpg 60w\" sizes=\"auto, (max-width: 526px) 100vw, 526px\" \/><\/figure>\n\n\n\n<figure class=\"wp-block-image size-large\"><img loading=\"lazy\" decoding=\"async\" width=\"1024\" height=\"1024\" data-id=\"166\" src=\"https:\/\/femmestetica.pl\/wp-content\/uploads\/2023\/02\/323920141_715720976592393_6428128521217876129_n-1024x1024.jpg\" alt=\"\" class=\"wp-image-166\" srcset=\"https:\/\/femmestetica.pl\/wp-content\/uploads\/2023\/02\/323920141_715720976592393_6428128521217876129_n-1024x1024.jpg 1024w, https:\/\/femmestetica.pl\/wp-content\/uploads\/2023\/02\/323920141_715720976592393_6428128521217876129_n-300x300.jpg 300w, https:\/\/femmestetica.pl\/wp-content\/uploads\/2023\/02\/323920141_715720976592393_6428128521217876129_n-150x150.jpg 150w, https:\/\/femmestetica.pl\/wp-content\/uploads\/2023\/02\/323920141_715720976592393_6428128521217876129_n-768x768.jpg 768w, https:\/\/femmestetica.pl\/wp-content\/uploads\/2023\/02\/323920141_715720976592393_6428128521217876129_n-500x500.jpg 500w, https:\/\/femmestetica.pl\/wp-content\/uploads\/2023\/02\/323920141_715720976592393_6428128521217876129_n-350x350.jpg 350w, https:\/\/femmestetica.pl\/wp-content\/uploads\/2023\/02\/323920141_715720976592393_6428128521217876129_n-250x250.jpg 250w, https:\/\/femmestetica.pl\/wp-content\/uploads\/2023\/02\/323920141_715720976592393_6428128521217876129_n.jpg 1080w\" sizes=\"auto, (max-width: 1024px) 100vw, 1024px\" \/><\/figure>\n\n\n\n<figure class=\"wp-block-image size-large\"><img loading=\"lazy\" decoding=\"async\" width=\"1024\" height=\"1024\" data-id=\"188\" src=\"https:\/\/femmestetica.pl\/wp-content\/uploads\/2023\/02\/329736197_1229646674302912_3087182997315114823_n-1024x1024.jpg\" alt=\"\" class=\"wp-image-188\" srcset=\"https:\/\/femmestetica.pl\/wp-content\/uploads\/2023\/02\/329736197_1229646674302912_3087182997315114823_n-1024x1024.jpg 1024w, https:\/\/femmestetica.pl\/wp-content\/uploads\/2023\/02\/329736197_1229646674302912_3087182997315114823_n-300x300.jpg 300w, https:\/\/femmestetica.pl\/wp-content\/uploads\/2023\/02\/329736197_1229646674302912_3087182997315114823_n-150x150.jpg 150w, https:\/\/femmestetica.pl\/wp-content\/uploads\/2023\/02\/329736197_1229646674302912_3087182997315114823_n-768x768.jpg 768w, https:\/\/femmestetica.pl\/wp-content\/uploads\/2023\/02\/329736197_1229646674302912_3087182997315114823_n-500x500.jpg 500w, https:\/\/femmestetica.pl\/wp-content\/uploads\/2023\/02\/329736197_1229646674302912_3087182997315114823_n-350x350.jpg 350w, https:\/\/femmestetica.pl\/wp-content\/uploads\/2023\/02\/329736197_1229646674302912_3087182997315114823_n-250x250.jpg 250w, https:\/\/femmestetica.pl\/wp-content\/uploads\/2023\/02\/329736197_1229646674302912_3087182997315114823_n.jpg 1080w\" sizes=\"auto, (max-width: 1024px) 100vw, 1024px\" \/><\/figure>\n\n\n\n<figure class=\"wp-block-image size-full\"><img loading=\"lazy\" decoding=\"async\" width=\"526\" height=\"526\" data-id=\"121\" src=\"https:\/\/femmestetica.pl\/wp-content\/uploads\/2023\/02\/323941343_884282939685788_1905153485835422692_n.jpg\" alt=\"\" class=\"wp-image-121\" srcset=\"https:\/\/femmestetica.pl\/wp-content\/uploads\/2023\/02\/323941343_884282939685788_1905153485835422692_n.jpg 526w, https:\/\/femmestetica.pl\/wp-content\/uploads\/2023\/02\/323941343_884282939685788_1905153485835422692_n-300x300.jpg 300w, https:\/\/femmestetica.pl\/wp-content\/uploads\/2023\/02\/323941343_884282939685788_1905153485835422692_n-150x150.jpg 150w, https:\/\/femmestetica.pl\/wp-content\/uploads\/2023\/02\/323941343_884282939685788_1905153485835422692_n-60x60.jpg 60w\" sizes=\"auto, (max-width: 526px) 100vw, 526px\" \/><\/figure>\n<\/figure>\n\n\n\n<p>Oferujemy szeroki zakres wykonywanych zabieg\u00f3w. Korzystamy z nowoczesnych, ale wypr\u00f3bowanych technologii. &nbsp;W gabinecie <strong>Femmestetica <\/strong>mo\u017cecie wykona\u0107 Pa\u0144stwo wi\u0119kszo\u015b\u0107 zabieg\u00f3w z zakresu dermatologii i medycyny estetycznej. Podczas konsultacji stosujemy personalizacj\u0119 zabiegow\u0105, opart\u0105 o \u201e<strong>Program Harmony<\/strong> \u201e &#8211; \u0142\u0105cz\u0105cy pi\u0119\u0107 aspekt\u00f3w oceny twarzy w praktyce! <\/p>\n\n\n\n<p>1.Jako\u015b\u0107 sk\u00f3ry     2. Kszta\u0142t twarzy     3. Kontury i proporcje     4. Symetria twarzy      5. Mimika <\/p>\n\n\n\n<p>Indywidualne podej\u015bcie do ka\u017cdego pacjenta jest niezwykle istotne w wyniku czego uzyskujemy nieszablonowe efekty.<\/p>\n","protected":false},"excerpt":{"rendered":"<p>Oferujemy szeroki zakres wykonywanych zabieg\u00f3w. Korzystamy z nowoczesnych, ale wypr\u00f3bowanych technologii. &nbsp;W gabinecie Femmestetica mo\u017cecie wykona\u0107 Pa\u0144stwo wi\u0119kszo\u015b\u0107 zabieg\u00f3w z zakresu dermatologii i medycyny estetycznej. Podczas konsultacji stosujemy personalizacj\u0119 zabiegow\u0105, opart\u0105 o \u201eProgram Harmony \u201e &#8211; \u0142\u0105cz\u0105cy pi\u0119\u0107 aspekt\u00f3w oceny twarzy w praktyce! 1.Jako\u015b\u0107 sk\u00f3ry 2. Kszta\u0142t twarzy 3. Kontury [&hellip;]<\/p>\n","protected":false},"author":1,"featured_media":0,"parent":0,"menu_order":0,"comment_status":"closed","ping_status":"closed","template":"","meta":{"footnotes":""},"class_list":["post-61","page","type-page","status-publish","hentry"],"_links":{"self":[{"href":"https:\/\/femmestetica.pl\/index.php?rest_route=\/wp\/v2\/pages\/61","targetHints":{"allow":["GET"]}}],"collection":[{"href":"https:\/\/femmestetica.pl\/index.php?rest_route=\/wp\/v2\/pages"}],"about":[{"href":"https:\/\/femmestetica.pl\/index.php?rest_route=\/wp\/v2\/types\/page"}],"author":[{"embeddable":true,"href":"https:\/\/femmestetica.pl\/index.php?rest_route=\/wp\/v2\/users\/1"}],"replies":[{"embeddable":true,"href":"https:\/\/femmestetica.pl\/index.php?rest_route=%2Fwp%2Fv2%2Fcomments&post=61"}],"version-history":[{"count":7,"href":"https:\/\/femmestetica.pl\/index.php?rest_route=\/wp\/v2\/pages\/61\/revisions"}],"predecessor-version":[{"id":193,"href":"https:\/\/femmestetica.pl\/index.php?rest_route=\/wp\/v2\/pages\/61\/revisions\/193"}],"wp:attachment":[{"href":"https:\/\/femmestetica.pl\/index.php?rest_route=%2Fwp%2Fv2%2Fmedia&parent=61"}],"curies":[{"name":"wp","href":"https:\/\/api.w.org\/{rel}","templated":true}]}}